{"id":1178,"date":"2022-01-28T17:07:41","date_gmt":"2022-01-28T17:07:41","guid":{"rendered":"https:\/\/ongelpaso.org.uy\/autonomias\/?page_id=1178"},"modified":"2022-01-28T17:07:42","modified_gmt":"2022-01-28T17:07:42","slug":"protocolos-de-actuacion-ante-delitos-sexuales","status":"publish","type":"page","link":"https:\/\/ongelpaso.org.uy\/autonomias\/protocolos-de-actuacion-ante-delitos-sexuales\/","title":{"rendered":"Protocolos de actuaci\u00f3n ante delitos sexuales"},"content":{"rendered":"<button id=\"listenButton1\" class=\"responsivevoice-button\" type=\"button\" value=\"Play\" title=\"ResponsiveVoice Tap to Start\/Stop Speech\"><span>&#128266; Escuchar<\/span><\/button>\n        <script>\n            listenButton1.onclick = function(){\n                if(responsiveVoice.isPlaying()){\n                    responsiveVoice.cancel();\n                }else{\n                    responsiveVoice.speak(\"Dejamos a disposici\u00f3n los protocolos de actuaci\u00f3n aprobados por Fiscal\u00eda General de la Naci\u00f3n y el Ministerio del Interior ante una denuncia sobre una situaci\u00f3n de violencia y\/o abuso sexual. Protocolo-de-actuacion-de-Unidad-de-victimas-de-FiscaliaDescarga Protocolo-para-la-investigacion-de-Ministerio-del-Interior-y-FiscaliaDescarga\", \"Spanish Latin American Female\");\n                }\n            };\n        <\/script>\n    \n<p>Dejamos a disposici\u00f3n los protocolos de actuaci\u00f3n aprobados por Fiscal\u00eda General de la Naci\u00f3n y el Ministerio del Interior ante una denuncia sobre una situaci\u00f3n de violencia y\/o abuso sexual. <\/p>\n\n\n\n<div data-wp-interactive=\"core\/file\" class=\"wp-block-file\"><object data-wp-bind--hidden=\"!state.hasPdfPreview\" hidden class=\"wp-block-file__embed\" data=\"https:\/\/ongelpaso.org.uy\/autonomias\/wp-content\/uploads\/2022\/01\/Protocolo-de-actuacion-de-Unidad-de-victimas-de-Fiscalia.pdf\" type=\"application\/pdf\" style=\"width:100%;height:600px\" aria-label=\"Incrustado de Incrustado de Protocolo-de-actuacion-de-Unidad-de-victimas-de-Fiscalia..\"><\/object><a id=\"wp-block-file--media-693b90e1-30b1-48d1-96d8-b4b9100d3988\" href=\"https:\/\/ongelpaso.org.uy\/autonomias\/wp-content\/uploads\/2022\/01\/Protocolo-de-actuacion-de-Unidad-de-victimas-de-Fiscalia.pdf\">Protocolo-de-actuacion-de-Unidad-de-victimas-de-Fiscalia<\/a><a href=\"https:\/\/ongelpaso.org.uy\/autonomias\/wp-content\/uploads\/2022\/01\/Protocolo-de-actuacion-de-Unidad-de-victimas-de-Fiscalia.pdf\" class=\"wp-block-file__button\" download aria-describedby=\"wp-block-file--media-693b90e1-30b1-48d1-96d8-b4b9100d3988\">Descarga<\/a><\/div>\n\n\n\n<div data-wp-interactive=\"core\/file\" class=\"wp-block-file\"><object data-wp-bind--hidden=\"!state.hasPdfPreview\" hidden class=\"wp-block-file__embed\" data=\"https:\/\/ongelpaso.org.uy\/autonomias\/wp-content\/uploads\/2022\/01\/Protocolo-para-la-investigacion-de-Ministerio-del-Interior-y-Fiscalia.pdf\" type=\"application\/pdf\" style=\"width:100%;height:600px\" aria-label=\"Incrustado de Incrustado de Protocolo-para-la-investigacion-de-Ministerio-del-Interior-y-Fiscalia..\"><\/object><a id=\"wp-block-file--media-b60a27fb-067e-47e5-b506-9a8eeaf2d018\" href=\"https:\/\/ongelpaso.org.uy\/autonomias\/wp-content\/uploads\/2022\/01\/Protocolo-para-la-investigacion-de-Ministerio-del-Interior-y-Fiscalia.pdf\">Protocolo-para-la-investigacion-de-Ministerio-del-Interior-y-Fiscalia<\/a><a href=\"https:\/\/ongelpaso.org.uy\/autonomias\/wp-content\/uploads\/2022\/01\/Protocolo-para-la-investigacion-de-Ministerio-del-Interior-y-Fiscalia.pdf\" class=\"wp-block-file__button\" download aria-describedby=\"wp-block-file--media-b60a27fb-067e-47e5-b506-9a8eeaf2d018\">Descarga<\/a><\/div>\n","protected":false},"excerpt":{"rendered":"<p>&#128266; Escuchar Dejamos a disposici\u00f3n los protocolos de actuaci\u00f3n aprobados por Fiscal\u00eda General de la Naci\u00f3n y el Ministerio del Interior ante una denuncia sobre una situaci\u00f3n de violencia y\/o abuso sexual.<\/p>\n","protected":false},"author":2,"featured_media":0,"parent":0,"menu_order":0,"comment_status":"closed","ping_status":"closed","template":"","meta":{"footnotes":""},"class_list":["post-1178","page","type-page","status-publish","hentry"],"_links":{"self":[{"href":"https:\/\/ongelpaso.org.uy\/autonomias\/wp-json\/wp\/v2\/pages\/1178","targetHints":{"allow":["GET"]}}],"collection":[{"href":"https:\/\/ongelpaso.org.uy\/autonomias\/wp-json\/wp\/v2\/pages"}],"about":[{"href":"https:\/\/ongelpaso.org.uy\/autonomias\/wp-json\/wp\/v2\/types\/page"}],"author":[{"embeddable":true,"href":"https:\/\/ongelpaso.org.uy\/autonomias\/wp-json\/wp\/v2\/users\/2"}],"replies":[{"embeddable":true,"href":"https:\/\/ongelpaso.org.uy\/autonomias\/wp-json\/wp\/v2\/comments?post=1178"}],"version-history":[{"count":1,"href":"https:\/\/ongelpaso.org.uy\/autonomias\/wp-json\/wp\/v2\/pages\/1178\/revisions"}],"predecessor-version":[{"id":1181,"href":"https:\/\/ongelpaso.org.uy\/autonomias\/wp-json\/wp\/v2\/pages\/1178\/revisions\/1181"}],"wp:attachment":[{"href":"https:\/\/ongelpaso.org.uy\/autonomias\/wp-json\/wp\/v2\/media?parent=1178"}],"curies":[{"name":"wp","href":"https:\/\/api.w.org\/{rel}","templated":true}]}}