{"id":129,"date":"2021-10-29T13:25:34","date_gmt":"2021-10-29T13:25:34","guid":{"rendered":"https:\/\/www.ixohost.uy\/autonomias\/?page_id=129"},"modified":"2021-11-23T11:31:21","modified_gmt":"2021-11-23T11:31:21","slug":"legislacion","status":"publish","type":"page","link":"https:\/\/ongelpaso.org.uy\/autonomias\/legislacion\/","title":{"rendered":"Legislaci\u00f3n"},"content":{"rendered":"<button id=\"listenButton1\" class=\"responsivevoice-button\" type=\"button\" value=\"Play\" title=\"ResponsiveVoice Tap to Start\/Stop Speech\"><span>&#128266; Escuchar<\/span><\/button>\n        <script>\n            listenButton1.onclick = function(){\n                if(responsiveVoice.isPlaying()){\n                    responsiveVoice.cancel();\n                }else{\n                    responsiveVoice.speak(\"El repositorio de legislaci\u00f3n del proyecto de Autonom\u00edas colectivas contra la Violencia de G\u00e9nero y su Observatorio, contiene las leyes y cuerpos normativos de Uruguay que hacen referencia a la tem\u00e1tica. Marcos normativos internacionales Convenci\u00f3n sobre la eliminaci\u00f3n de todas las formas de discriminaci\u00f3n contra la mujer Adoptada y abierta a la firma y ratificaci\u00f3n, o adhesi\u00f3n, por la Asamblea General en su resoluci\u00f3n 34\/180, de 18 de diciembre de 1979 https:\/\/www.ohchr.org\/SP\/ProfessionalInterest\/Pages\/CEDAW.aspx Convenci\u00f3n de Bel\u00e9m do Par\u00e1 http:\/\/www.oas.org\/juridico\/spanish\/firmas\/a-61.html Convenci\u00f3n de las Naciones Unidas contra la Delincuencia Organizada Transnacional http:\/\/www.impo.com.uy\/bases\/leyes-internacional\/17861-2004\/1 Protocolo para prevenir, reprimir y sancionar la trata de personas, especialmente mujeres y ni\u00f1os, que complementa la Convenci\u00f3n de las Naciones Unidas contra la Delincuencia Organizada Transnacional https:\/\/www.ohchr.org\/documents\/professionalinterest\/protocoltraffickinginpersons_sp.pdf Convenci\u00f3n sobre los Derechos del Ni\u00f1o Adoptada y abierta a la firma y ratificaci\u00f3n por la Asamblea General en su resoluci\u00f3n 44\/25, de 20 de noviembre de 1989 https:\/\/www.ohchr.org\/sp\/professionalinterest\/pages\/crc.aspx Protocolo facultativo de la Convenci\u00f3n sobre los Derechos del Ni\u00f1o relativo a la venta de ni\u00f1os, la prostituci\u00f3n infantil y la utilizaci\u00f3n de ni\u00f1os en la pornograf\u00eda https:\/\/www.ohchr.org\/sp\/professionalinterest\/pages\/opsccrc.aspx Marcos normativos nacionales 2018 | Ley 19.580, de violencia hacia las mujeres basada en g\u00e9nero Art.1 - \\\"(Objeto y alcance).- Esta ley tiene como objeto garantizar el efectivo goce del derecho de las mujeres a una vida libre de violencia basada en g\u00e9nero. Comprende a mujeres de todas las edades, mujeres trans, de las diversas orientaciones sexuales, condici\u00f3n socioecon\u00f3mica, pertenencia territorial, creencia, origen cultural y \u00e9tnico-racial o situaci\u00f3n de discapacidad, sin distinci\u00f3n ni discriminaci\u00f3n alguna. Se establecen mecanismos, medidas y pol\u00edticas integrales de prevenci\u00f3n, atenci\u00f3n, protecci\u00f3n, sanci\u00f3n y reparaci\u00f3n.\\\" https:\/\/www.impo.com.uy\/bases\/leyes\/19580-2017 2018 | Ley 19.643, de Prevenci\u00f3n y Combate de la Trata de Personas | Modificaciones al C\u00f3digo Penal Art. 1 - \\\"(Objeto).- Esta ley tiene por objeto la prevenci\u00f3n, persecuci\u00f3n y sanci\u00f3n de la trata y la explotaci\u00f3n de personas, as\u00ed como la atenci\u00f3n, protecci\u00f3n y reparaci\u00f3n de las v\u00edctimas.\\\" http:\/\/www.impo.com.uy\/bases\/leyes\/19643-2018 2017 | Ley 19.538, por medio de la cual se modifican los arts. 311 y 312 del C\u00f3digo Penal, relacionados con actos de discriminaci\u00f3n y femicidio Modif\u00edcanse los arts. 311 y 312 del C\u00f3digo Penal, relacionados con actos de discriminaci\u00f3n y femicidio. http:\/\/www.impo.com.uy\/bases\/leyes-originales\/19538-2017 2017 | Ley 19.555, sobre la participaci\u00f3n equitativa de ambos sexos en la integraci\u00f3n de los \u00f3rganos electivos nacionales, departamentales y de direcci\u00f3n de los partidos pol\u00edticos | MODIFICACION DE LA LEY 18.476 \\\"Sustit\u00fayese el art\u00edculo 1\u00ba de laLey N\u00ba 18.476, de 3 de abril de 2009, por el siguiente: Decl\u00e1rase de inter\u00e9s general la participaci\u00f3n equitativa de personas de ambos sexos en la integraci\u00f3n del Poder Legislativo, de las Intendencias, de las Juntas Departamentales, de los Municipios, de las Juntas Electorales y en los \u00f3rganos de direcci\u00f3n de los partidos pol\u00edticos.\\\" https:\/\/legislativo.parlamento.gub.uy\/temporales\/docu9844956467557.htm 2012 | DecretoN\u00b0 375\/012 - Reglamentaci\u00f3n de la Ley sobre Interrupci\u00f3n Voluntaria del Embarazo. Ley del aborto. Art. 1 - \\\"En cumplimiento del art. 15 de la ley 18.987 del 17 de octubre del a\u00f1o 2012 se dicta el presente reglamento el que ser\u00e1 de aplicaci\u00f3n en todo el territorio nacional.\\\" https:\/\/www.impo.com.uy\/bases\/decretos\/375-2012 2012 | Ley 18.987, de Interrupci\u00f3n Voluntaria del Embarazo Art. 1 - \\\"(Principios generales).- El Estado garantiza el derecho a la procreaci\u00f3n consciente y responsable, reconoce el valor social de la maternidad, tutela la vida humana y promueve el ejercicio pleno de los derechos sexuales y reproductivos de toda la poblaci\u00f3n, de acuerdo a lo establecido en el Cap\u00edtulo I de la Ley N\u00b0 18.426, de 1\u00b0 de diciembre de 2008. La interrupci\u00f3n voluntaria del embarazo, que se regula en la presente ley, no constituye un instrumento de control de los nacimientos.\\\" https:\/\/www.impo.com.uy\/bases\/leyes\/18987-2012 2009 | Ley 18.561 de acoso sexual. PREVENCION Y SANCION EN EL AMBITO LABORAL Y EN LAS RELACIONES DOCENTE ALUMNO Art. 1 - (Objeto de la ley).- El objeto de la presente ley es prevenir y sancionar el acoso sexual as\u00ed como proteger a las v\u00edctimas del mismo, en tanto forma grave de discriminaci\u00f3n y de desconocimiento del respeto a la dignidad de las personas que debe presidir las relaciones laborales y de docencia. Esta ley se aplicar\u00e1 en el \u00e1mbito p\u00fablico y en el privado. https:\/\/www.impo.com.uy\/bases\/leyes\/18561-2009 2009 | Ley 18.437, Ley General de Educaci\u00f3n Art. 1 - \\\"(De la educaci\u00f3n como derecho humano fundamental).- Decl\u00e1rase de inter\u00e9s general la promoci\u00f3n del goce y el efectivo ejercicio del derecho a la educaci\u00f3n, como un derecho humano fundamental. El Estado garantizar\u00e1 y promover\u00e1 una educaci\u00f3n de calidad para todos sus habitantes, a lo largo de toda la vida, facilitando la continuidad educativa.\\\" Art. 40 - \\\"(De las l\u00edneas transversales).- El Sistema Nacional de Educaci\u00f3n, en cualesquiera de sus modalidades contemplar\u00e1 l\u00edneas transversales entre los cuales se encuentran: A) La educaci\u00f3n en derechos humanos, B) La educaci\u00f3n ambiental para el desarrollo humano sostenible, C) La educaci\u00f3n art\u00edstica, D) La educaci\u00f3n cient\u00edfica, E) La educaci\u00f3n ling\u00fc\u00edstica, F) La educaci\u00f3n a trav\u00e9s del trabajo, G) La educaci\u00f3n para la salud, H) La educaci\u00f3n sexual, I) La educaci\u00f3n f\u00edsica, la recreaci\u00f3n y el deporte.\\\" https:\/\/www.impo.com.uy\/bases\/leyes\/18437-2008 2008 | Ley 18.426, Defensa del Derecho a la Salud Sexual y Reproductiva Art. 1 - \\\"(Deberes del Estado).- El Estado garantizar\u00e1 condiciones para el ejercicio pleno de los derechos sexuales y reproductivos de toda la poblaci\u00f3n. A tal efecto, promover\u00e1 pol\u00edticas nacionales de salud sexual y reproductiva, dise\u00f1ar\u00e1 programas y organizar\u00e1 los servicios para desarrollarlos, de conformidad con los principios y normas que se establecen en los art\u00edculos siguientes.\\\" https:\/\/www.impo.com.uy\/bases\/leyes\/18426-2008 2008 | Ley 18.250, de Migraci\u00f3n Art. 1 - \\\"El Estado uruguayo reconoce como derecho inalienable de las personas migrantes y sus familiares sin perjuicio de su situaci\u00f3n migratoria, el derecho a la migraci\u00f3n, el derecho a la reunificaci\u00f3n familiar, al debido proceso y acceso a la justicia, as\u00ed como a la igualdad de derechos con los nacionales, sin distinci\u00f3n alguna por motivos de sexo, raza, color, idioma, religi\u00f3n o convicci\u00f3n, opini\u00f3n pol\u00edtica o de otra \u00edndole, origen nacional, \u00e9tnico o social, nacionalidad, edad, situaci\u00f3n econ\u00f3mica, patrimonio, estado civil, nacimiento o cualquier otra condici\u00f3n.\\\" https:\/\/www.impo.com.uy\/bases\/leyes\/18250-2008 2004 | Ley 17.815, Violencia sexual, comercial o no comercial cometida contra ni\u00f1os, adolescentes o incapaces. Art. 1 - \\\"(Fabricaci\u00f3n o producci\u00f3n de material pornogr\u00e1fico con utilizaci\u00f3n de personas menores de edad o incapaces). El que de cualquier forma fabricare o produjere material pornogr\u00e1fico utilizando a personas menores de edad o personas mayores de edad incapaces, o utilizare su imagen, ser\u00e1 castigado con pena de veinticuatro meses de prisi\u00f3n a seis a\u00f1os de penitenciar\u00eda.\\\" 2004 | Ley 17861, Aprobaci\u00f3n de la Convenci\u00f3n de las Naciones Unidas contra la Delincuencia Organizada Trasnacional y sus protocolos http:\/\/www.impo.com.uy\/bases\/leyes-internacional\/17861-2004\/1 2004 | C\u00f3digo de la Ni\u00f1ez y la AdolescenciaN\u00b0 17823 | Aprobado por la Ley N\u00ba 17.823 Art. 1 - \\\"(\u00c1mbito de aplicaci\u00f3n).- El C\u00f3digo de la Ni\u00f1ez y la Adolescencia es de aplicaci\u00f3n a todos los seres humanos menores de dieciocho a\u00f1os de edad. A los efectos de la aplicaci\u00f3n de este C\u00f3digo, se entiende por ni\u00f1o a todo ser humano hasta los trece a\u00f1os de edad y por adolescente a los mayores de trece y menores de dieciocho a\u00f1os de edad. Siempre que este C\u00f3digo se refiere a ni\u00f1os y adolescentes comprende ambos g\u00e9neros.\\\" https:\/\/www.impo.com.uy\/bases\/codigo-ninez-adolescencia\/17823-2004 2003 | Ley N\u00ba 17707, que crea los Juzgados Letrados de Primera Instancia de Familia con especializaci\u00f3n en violencia dom\u00e9stica. \\\"Fac\u00faltase a la Suprema Corte de Justicia a transformar Juzgados Letrados de 1era. Instancia de Familia de la capital, en Juzgados Letrados de 1era. Instancia de Familia con especializaci\u00f3n en violencia dom\u00e9stica.\\\" https:\/\/www.impo.com.uy\/bases\/leyes-originales\/17707-2003\/1\", \"Spanish Latin American Female\");\n                }\n            };\n        <\/script>\n    \n<p>El repositorio de legislaci\u00f3n del proyecto de Autonom\u00edas colectivas contra la Violencia de G\u00e9nero y su Observatorio, contiene las leyes y cuerpos normativos de Uruguay que hacen referencia a la tem\u00e1tica.<\/p>\n\n\n\n<h2 class=\"wp-block-heading\">Marcos normativos internacionales<\/h2>\n\n\n\n<p><strong>Convenci\u00f3n sobre la eliminaci\u00f3n de todas las formas de discriminaci\u00f3n contra la mujer<\/strong><\/p>\n\n\n\n<p>Adoptada y abierta a la firma y ratificaci\u00f3n, o adhesi\u00f3n, por la Asamblea General en su resoluci\u00f3n 34\/180, de 18 de diciembre de 1979<\/p>\n\n\n\n<p><a href=\"https:\/\/www.ohchr.org\/SP\/ProfessionalInterest\/Pages\/CEDAW.aspx\" target=\"_blank\" rel=\"noreferrer noopener\">https:\/\/www.ohchr.org\/SP\/ProfessionalInterest\/Pages\/CEDAW.aspx<\/a><\/p>\n\n\n\n<p><strong>Convenci\u00f3n de Bel\u00e9m do Par\u00e1<\/strong><\/p>\n\n\n\n<p><a href=\"http:\/\/www.oas.org\/juridico\/spanish\/firmas\/a-61.html\" target=\"_blank\" rel=\"noreferrer noopener\">http:\/\/www.oas.org\/juridico\/spanish\/firmas\/a-61.html<\/a><\/p>\n\n\n\n<p><\/p>\n\n\n\n<p><strong>Convenci\u00f3n de las Naciones Unidas contra la Delincuencia Organizada Transnacional<\/strong><\/p>\n\n\n\n<p><a rel=\"noreferrer noopener\" href=\"http:\/\/www.impo.com.uy\/bases\/leyes-internacional\/17861-2004\/1\" target=\"_blank\">http:\/\/www.impo.com.uy\/bases\/leyes-internacional\/17861-2004\/1<\/a><\/p>\n\n\n\n<ul class=\"wp-block-list\"><li>Protocolo para prevenir, reprimir y sancionar la trata de personas, especialmente mujeres y ni\u00f1os, que complementa la Convenci\u00f3n de las Naciones Unidas contra la Delincuencia Organizada Transnacional <ul><li><a href=\"https:\/\/www.ohchr.org\/documents\/professionalinterest\/protocoltraffickinginpersons_sp.pdf\">https:\/\/www.ohchr.org\/documents\/professionalinterest\/protocoltraffickinginpersons_sp.pdf<\/a><\/li><\/ul><\/li><\/ul>\n\n\n\n<p><\/p>\n\n\n\n<p><strong>Convenci\u00f3n sobre los Derechos del Ni\u00f1o<\/strong><\/p>\n\n\n\n<p>Adoptada y abierta a la firma y ratificaci\u00f3n por la Asamblea General en su resoluci\u00f3n 44\/25, de 20 de noviembre de 1989<\/p>\n\n\n\n<p><a rel=\"noreferrer noopener\" href=\"https:\/\/www.ohchr.org\/sp\/professionalinterest\/pages\/crc.aspx\" target=\"_blank\">https:\/\/www.ohchr.org\/sp\/professionalinterest\/pages\/crc.aspx<\/a><\/p>\n\n\n\n<ul class=\"wp-block-list\"><li>Protocolo facultativo de la Convenci\u00f3n sobre los Derechos del Ni\u00f1o relativo a la venta de ni\u00f1os, la prostituci\u00f3n infantil y la utilizaci\u00f3n de ni\u00f1os en la pornograf\u00eda <ul><li><a rel=\"noreferrer noopener\" href=\"https:\/\/www.ohchr.org\/sp\/professionalinterest\/pages\/opsccrc.aspx\" target=\"_blank\">https:\/\/www.ohchr.org\/sp\/professionalinterest\/pages\/opsccrc.aspx<\/a><\/li><\/ul><\/li><\/ul>\n\n\n\n<p><\/p>\n\n\n\n<p><\/p>\n\n\n\n<p><\/p>\n\n\n\n<h2 class=\"wp-block-heading\">Marcos normativos nacionales<\/h2>\n\n\n\n<p>2018 | <strong>Ley 19.580, de violencia hacia las mujeres basada en g\u00e9nero<\/strong><\/p>\n\n\n\n<p class=\"has-background\" style=\"background-color:#ded3e8\">Art.1 &#8211; \u00ab(Objeto y alcance).- Esta ley tiene como objeto garantizar el efectivo goce del derecho de las mujeres a una vida libre de violencia basada en g\u00e9nero. Comprende a mujeres de todas las edades, mujeres trans, de las diversas orientaciones sexuales, condici\u00f3n socioecon\u00f3mica, pertenencia territorial, creencia, origen cultural y \u00e9tnico-racial o situaci\u00f3n de discapacidad, sin distinci\u00f3n ni discriminaci\u00f3n alguna. Se establecen mecanismos, medidas y pol\u00edticas integrales de prevenci\u00f3n, atenci\u00f3n, protecci\u00f3n, sanci\u00f3n y reparaci\u00f3n.\u00bb<\/p>\n\n\n\n<p><a href=\"https:\/\/www.impo.com.uy\/bases\/leyes\/19580-2017\" target=\"_blank\" rel=\"noreferrer noopener\">https:\/\/www.impo.com.uy\/bases\/leyes\/19580-2017<\/a><\/p>\n\n\n\n<p><\/p>\n\n\n\n<p>2018 | <strong>Ley <strong>19.643<\/strong><\/strong>, <strong>de Prevenci\u00f3n y Combate de la Trata de Personas | Modificaciones al C\u00f3digo Penal<\/strong><\/p>\n\n\n\n<p class=\"has-background\" style=\"background-color:#ded3e8\">Art. 1 &#8211; \u00ab(Objeto).- Esta ley tiene por objeto la prevenci\u00f3n, persecuci\u00f3n y sanci\u00f3n de la trata y la explotaci\u00f3n de personas, as\u00ed como la atenci\u00f3n, protecci\u00f3n y reparaci\u00f3n de las v\u00edctimas.\u00bb<\/p>\n\n\n\n<p><a href=\"http:\/\/www.impo.com.uy\/bases\/leyes\/19643-2018\" target=\"_blank\" rel=\"noreferrer noopener\">http:\/\/www.impo.com.uy\/bases\/leyes\/19643-2018<\/a><\/p>\n\n\n\n<p><\/p>\n\n\n\n<p>2017 | <strong>Ley 19.538, por medio de la cual se modifican los arts. 311 y 312 del C\u00f3digo Penal, relacionados con actos de discriminaci\u00f3n y femicidio<\/strong><\/p>\n\n\n\n<p class=\"has-background\" style=\"background-color:#ded3e8\">Modif\u00edcanse los arts. 311 y 312 del C\u00f3digo Penal, relacionados con actos de discriminaci\u00f3n y femicidio.<\/p>\n\n\n\n<p><a rel=\"noreferrer noopener\" href=\"http:\/\/www.impo.com.uy\/bases\/leyes-originales\/19538-2017\" target=\"_blank\">http:\/\/www.impo.com.uy\/bases\/leyes-originales\/19538-2017<\/a><\/p>\n\n\n\n<p><\/p>\n\n\n\n<p>2017 | <strong>Ley 19.555, sobre la participaci\u00f3n equitativa de ambos sexos en la integraci\u00f3n de los \u00f3rganos electivos nacionales, departamentales y de direcci\u00f3n de los partidos pol\u00edticos<\/strong> | MODIFICACION DE LA LEY 18.476<\/p>\n\n\n\n<p class=\"has-background\" style=\"background-color:#ded3e8\">\u00abSustit\u00fayese el art\u00edculo 1\u00ba de la&nbsp;<a href=\"https:\/\/legislativo.parlamento.gub.uy\/temporales\/aresuelveref.aspx?LEY,18476\/art1\/HTM\/\">Ley N\u00ba 18.476<\/a>, de 3 de abril de 2009, por el siguiente:  Decl\u00e1rase de inter\u00e9s general la participaci\u00f3n equitativa de personas de ambos sexos en la integraci\u00f3n del Poder Legislativo, de las Intendencias, de las Juntas Departamentales, de los Municipios, de las Juntas Electorales y en los \u00f3rganos de direcci\u00f3n de los partidos pol\u00edticos.\u00bb <\/p>\n\n\n\n<p><a href=\"https:\/\/legislativo.parlamento.gub.uy\/temporales\/docu9844956467557.htm\">https:\/\/legislativo.parlamento.gub.uy\/temporales\/docu9844956467557.htm<\/a><\/p>\n\n\n\n<p> 2012 |<strong> <\/strong>Decreto&nbsp;<strong>N\u00b0 375\/012<\/strong> &#8211; <strong>Reglamentaci\u00f3n de la Ley sobre Interrupci\u00f3n Voluntaria<\/strong> <strong>del Embarazo. Ley del aborto.<\/strong><\/p>\n\n\n\n<p class=\"has-background\" style=\"background-color:#ded3e8\">Art. 1 &#8211; \u00abEn cumplimiento del art. 15 de la ley 18.987 del 17 de octubre del a\u00f1o 2012 se dicta el presente reglamento el que ser\u00e1 de aplicaci\u00f3n en todo el territorio nacional.\u00bb<\/p>\n\n\n\n<p><a href=\"https:\/\/www.impo.com.uy\/bases\/decretos\/375-2012\" target=\"_blank\" rel=\"noreferrer noopener\">https:\/\/www.impo.com.uy\/bases\/decretos\/375-2012<\/a><\/p>\n\n\n\n<p>2012 |<strong> Ley 18.987, de Interrupci\u00f3n Voluntaria del Embarazo<\/strong><\/p>\n\n\n\n<p class=\"has-background\" style=\"background-color:#ded3e8\">Art. 1 &#8211; \u00ab(Principios generales).- El Estado garantiza el derecho a la procreaci\u00f3n consciente y responsable, reconoce el valor social de la maternidad, tutela la vida humana y promueve el ejercicio pleno de los derechos sexuales y reproductivos de toda la poblaci\u00f3n, de acuerdo a lo establecido en el Cap\u00edtulo I de la Ley N\u00b0 18.426, de 1\u00b0 de diciembre de 2008. La interrupci\u00f3n voluntaria del embarazo, que se regula en la presente ley, no constituye un instrumento de control de los nacimientos.\u00bb<\/p>\n\n\n\n<p><a href=\"https:\/\/www.impo.com.uy\/bases\/leyes\/18987-2012\">https:\/\/www.impo.com.uy\/bases\/leyes\/18987-2012<\/a><\/p>\n\n\n\n<p><\/p>\n\n\n\n<p>2009 | <strong>Ley 18.561 de acoso sexual<\/strong>. PREVENCION Y SANCION EN EL AMBITO LABORAL Y EN LAS RELACIONES DOCENTE ALUMNO<\/p>\n\n\n\n<p class=\"has-background\" style=\"background-color:#ded3e8\">Art. 1 &#8211; (Objeto de la ley).- El objeto de la presente ley es prevenir y  sancionar el acoso sexual as\u00ed como proteger a las v\u00edctimas del mismo, en  tanto forma grave de discriminaci\u00f3n y de desconocimiento del respeto a la dignidad de las personas que debe presidir las relaciones laborales y de  docencia. Esta ley se aplicar\u00e1 en el \u00e1mbito p\u00fablico y en el privado.<\/p>\n\n\n\n<p><a href=\"https:\/\/www.impo.com.uy\/bases\/leyes\/18561-2009\">https:\/\/www.impo.com.uy\/bases\/leyes\/18561-2009<\/a><\/p>\n\n\n\n<p>2009 | <strong>Ley 18.437, Ley General de Educaci\u00f3n<\/strong><\/p>\n\n\n\n<p class=\"has-background\" style=\"background-color:#ded3e8\">Art. 1 &#8211; \u00ab(De la educaci\u00f3n como derecho humano fundamental).- Decl\u00e1rase de inter\u00e9s general la promoci\u00f3n del goce y el efectivo ejercicio del derecho a la educaci\u00f3n, como un derecho humano fundamental. El Estado garantizar\u00e1 y promover\u00e1 una educaci\u00f3n de calidad para todos sus habitantes, a lo largo de toda la vida, facilitando la continuidad educativa.\u00bb<\/p>\n\n\n\n<p class=\"has-background\" style=\"background-color:#ded3e8\">Art. 40 &#8211; \u00ab(De las l\u00edneas transversales).- El Sistema Nacional de Educaci\u00f3n, en cualesquiera de sus modalidades contemplar\u00e1 l\u00edneas transversales entre los cuales se encuentran: A) La educaci\u00f3n en derechos humanos, B) La educaci\u00f3n ambiental para el desarrollo humano sostenible, C) La educaci\u00f3n art\u00edstica, D) La educaci\u00f3n cient\u00edfica, E) La educaci\u00f3n ling\u00fc\u00edstica, F) La educaci\u00f3n a trav\u00e9s del trabajo, G) La educaci\u00f3n para la salud, H) La educaci\u00f3n sexual, I) La educaci\u00f3n f\u00edsica, la recreaci\u00f3n y el deporte.\u00bb<\/p>\n\n\n\n<p><a href=\"https:\/\/www.impo.com.uy\/bases\/leyes\/18437-2008\">https:\/\/www.impo.com.uy\/bases\/leyes\/18437-2008<\/a><\/p>\n\n\n\n<p>2008 | <strong>Ley 18.426, Defensa del Derecho a la Salud Sexual y Reproductiva<\/strong><\/p>\n\n\n\n<p class=\"has-background\" style=\"background-color:#ded3e8\">Art. 1 &#8211; \u00ab(Deberes del Estado).- El Estado garantizar\u00e1 condiciones para el ejercicio pleno de los derechos sexuales y reproductivos de toda la poblaci\u00f3n. A tal efecto, promover\u00e1 pol\u00edticas nacionales de salud sexual y reproductiva, dise\u00f1ar\u00e1 programas y organizar\u00e1 los servicios para desarrollarlos, de conformidad con los principios y normas que se establecen en los art\u00edculos siguientes.\u00bb<\/p>\n\n\n\n<p><a href=\"https:\/\/www.impo.com.uy\/bases\/leyes\/18426-2008\">https:\/\/www.impo.com.uy\/bases\/leyes\/18426-2008<\/a><\/p>\n\n\n\n<p><\/p>\n\n\n\n<p>2008 |<strong> Ley 18.250,<\/strong> <strong>de Migraci\u00f3n<\/strong><\/p>\n\n\n\n<p class=\"has-background\" style=\"background-color:#ded3e8\">Art. 1 &#8211; \u00abEl Estado uruguayo reconoce como derecho inalienable de las personas migrantes y sus familiares sin perjuicio de su situaci\u00f3n migratoria, el derecho a la migraci\u00f3n, el derecho a la reunificaci\u00f3n familiar, al debido proceso y acceso a la justicia, as\u00ed como a la igualdad de derechos con los nacionales, sin distinci\u00f3n alguna por motivos de sexo, raza, color, idioma, religi\u00f3n o convicci\u00f3n, opini\u00f3n pol\u00edtica o de otra \u00edndole, origen nacional, \u00e9tnico o social, nacionalidad, edad, situaci\u00f3n econ\u00f3mica, patrimonio, estado civil, nacimiento o cualquier otra condici\u00f3n.\u00bb<\/p>\n\n\n\n<p><a href=\"https:\/\/www.impo.com.uy\/bases\/leyes\/18250-2008\">https:\/\/www.impo.com.uy\/bases\/leyes\/18250-2008<\/a><\/p>\n\n\n\n<p><\/p>\n\n\n\n<p>2004 | <strong>Ley 17.815, Violencia sexual, comercial o no comercial cometida contra ni\u00f1os, adolescentes o incapaces.<\/strong><\/p>\n\n\n\n<p class=\"has-background\" style=\"background-color:#ded3e8\">Art. 1 &#8211; \u00ab(Fabricaci\u00f3n o producci\u00f3n de material pornogr\u00e1fico con utilizaci\u00f3n de  personas menores de edad o incapaces). El que de cualquier forma  fabricare o produjere material pornogr\u00e1fico utilizando a personas menores  de edad o personas mayores de edad incapaces, o utilizare su imagen, ser\u00e1  castigado con pena de veinticuatro meses de prisi\u00f3n a seis a\u00f1os de  penitenciar\u00eda.\u00bb<\/p>\n\n\n\n<p>2004 | <strong>Ley 17861, Aprobaci\u00f3n de la Convenci\u00f3n de las Naciones Unidas contra la Delincuencia Organizada Trasnacional y sus protocolos<\/strong><\/p>\n\n\n\n<p><a rel=\"noreferrer noopener\" href=\"http:\/\/www.impo.com.uy\/bases\/leyes-internacional\/17861-2004\/1\" data-type=\"URL\" data-id=\"http:\/\/www.impo.com.uy\/bases\/leyes-internacional\/17861-2004\/1\" target=\"_blank\">http:\/\/www.impo.com.uy\/bases\/leyes-internacional\/17861-2004\/1<\/a><\/p>\n\n\n\n<p><\/p>\n\n\n\n<p>2004 | <strong>C\u00f3digo de la Ni\u00f1ez y la Adolescencia&nbsp;N\u00b0 17823 <\/strong>| Aprobado por la Ley N\u00ba 17.823<\/p>\n\n\n\n<p class=\"has-background\" style=\"background-color:#ded3e8\">Art. 1 &#8211;  \u00ab(\u00c1mbito de aplicaci\u00f3n).- El C\u00f3digo de la Ni\u00f1ez y la Adolescencia es de  aplicaci\u00f3n a todos los seres humanos menores de dieciocho a\u00f1os de edad.  A los efectos de la aplicaci\u00f3n de este C\u00f3digo, se entiende por ni\u00f1o a  todo ser humano hasta los trece a\u00f1os de edad y por adolescente a los  mayores de trece y menores de dieciocho a\u00f1os de edad. Siempre que este C\u00f3digo se refiere a ni\u00f1os y adolescentes comprende ambos  g\u00e9neros.\u00bb<\/p>\n\n\n\n<p><a href=\"https:\/\/www.impo.com.uy\/bases\/codigo-ninez-adolescencia\/17823-2004\" target=\"_blank\" rel=\"noreferrer noopener\">https:\/\/www.impo.com.uy\/bases\/codigo-ninez-adolescencia\/17823-2004<\/a><\/p>\n\n\n\n<p>2003 | <strong>Ley N\u00ba 17707, que crea los Juzgados Letrados de Primera Instancia de Familia con especializaci\u00f3n en violencia dom\u00e9stica.<\/strong><\/p>\n\n\n\n<p class=\"has-background\" style=\"background-color:#ded3e8\">\u00abFac\u00faltase a la Suprema Corte de Justicia a transformar Juzgados Letrados  de 1era. Instancia de Familia de la capital, en Juzgados Letrados de  1era. Instancia de Familia con especializaci\u00f3n en violencia dom\u00e9stica.\u00bb<\/p>\n\n\n\n<p><a href=\"https:\/\/www.impo.com.uy\/bases\/leyes-originales\/17707-2003\/1\" target=\"_blank\" rel=\"noreferrer noopener\">https:\/\/www.impo.com.uy\/bases\/leyes-originales\/17707-2003\/1<\/a><\/p>\n\n\n\n<p><\/p>\n","protected":false},"excerpt":{"rendered":"<p>&#128266; Escuchar El repositorio de legislaci\u00f3n del proyecto de Autonom\u00edas colectivas contra la Violencia de G\u00e9nero y su Observatorio, contiene las leyes y cuerpos normativos de Uruguay que hacen referencia a la tem\u00e1tica. Marcos normativos internacionales Convenci\u00f3n sobre la eliminaci\u00f3n de todas las formas de discriminaci\u00f3n contra la mujer Adoptada y abierta a la firma [&hellip;]<\/p>\n","protected":false},"author":1,"featured_media":0,"parent":0,"menu_order":0,"comment_status":"closed","ping_status":"closed","template":"","meta":{"footnotes":""},"class_list":["post-129","page","type-page","status-publish","hentry"],"_links":{"self":[{"href":"https:\/\/ongelpaso.org.uy\/autonomias\/wp-json\/wp\/v2\/pages\/129","targetHints":{"allow":["GET"]}}],"collection":[{"href":"https:\/\/ongelpaso.org.uy\/autonomias\/wp-json\/wp\/v2\/pages"}],"about":[{"href":"https:\/\/ongelpaso.org.uy\/autonomias\/wp-json\/wp\/v2\/types\/page"}],"author":[{"embeddable":true,"href":"https:\/\/ongelpaso.org.uy\/autonomias\/wp-json\/wp\/v2\/users\/1"}],"replies":[{"embeddable":true,"href":"https:\/\/ongelpaso.org.uy\/autonomias\/wp-json\/wp\/v2\/comments?post=129"}],"version-history":[{"count":33,"href":"https:\/\/ongelpaso.org.uy\/autonomias\/wp-json\/wp\/v2\/pages\/129\/revisions"}],"predecessor-version":[{"id":1013,"href":"https:\/\/ongelpaso.org.uy\/autonomias\/wp-json\/wp\/v2\/pages\/129\/revisions\/1013"}],"wp:attachment":[{"href":"https:\/\/ongelpaso.org.uy\/autonomias\/wp-json\/wp\/v2\/media?parent=129"}],"curies":[{"name":"wp","href":"https:\/\/api.w.org\/{rel}","templated":true}]}}